{"id":2008,"date":"2015-12-03T14:37:51","date_gmt":"2015-12-03T14:37:51","guid":{"rendered":"http:\/\/demo.agnidesigns.com\/cookie\/?page_id=2008"},"modified":"2015-12-03T14:37:51","modified_gmt":"2015-12-03T14:37:51","slug":"blog-masonry-first-standard-rest-grid","status":"publish","type":"page","link":"https:\/\/www.fundacionedurnepasaban.com\/en\/blog-masonry-first-standard-rest-grid\/","title":{"rendered":"Blog Masonry &#8211; First Standard Rest Grid"},"content":{"rendered":"<p>[vc_row][vc_column]            \n            <div class=\"blog blog-post shortcode-blog-post standard-grid-layout-post has-sidebar left\">\n\t\t\t\t<div class=\"blog-container \" data-dir=\"https:\/\/www.fundacionedurnepasaban.com\/wp-content\/themes\/cookie\">\n\t\t\t\t\t<div class=\"row\">\n\t\t\t\t\t\t<div class=\"col-sm-12 col-md-8 blog-post-content\" data-blog-grid=\"masonry\">\n\t\t\t\t\t\t\t<div class=\"content-area\">\n\t\t\t\t\t\t\t\t<div class=\"site-main\" role=\"main\"><!--  carousel-posts -->\n\n\t\t\t\t\t\t\t\t\n\t\t\t\t\t\t\t\t\t\n\t\t\t\t\t\t\t\t\t\t\t\t\t\t\t\t\t\t\n\t\t\t\t\t\t\t\t\t\t\n<article id=\"post-4339\" class=\"post-4339 post type-post status-publish format-standard hentry category-sin-categoria tag-32 tag-covid-19 tag-nepal\">\n\t\t<div class=\"entry-meta\">\n\t\t<span class=\"cat-links\"><a href=\"https:\/\/www.fundacionedurnepasaban.com\/en\/category\/sin-categoria\/\" rel=\"category tag\">Sin categor\u00eda<\/a><\/span>\t\t<span class=\"posted-on\"><a href=\"https:\/\/www.fundacionedurnepasaban.com\/en\/2020\/05\/22\/ayuda-covid-19-nepal\/\" rel=\"bookmark\"><time class=\"entry-date published\" datetime=\"2020-05-22T19:15:19+00:00\">Friday May 22nd, 2020<\/time><time class=\"updated\" datetime=\"2020-05-22T19:16:27+00:00\">Friday May 22nd, 2020<\/time><\/a><\/span>\t<\/div><!-- .entry-meta -->\n\t\n\t<h3 class=\"entry-title\"><a href=\"https:\/\/www.fundacionedurnepasaban.com\/en\/2020\/05\/22\/ayuda-covid-19-nepal\/\" rel=\"bookmark\">Help Covid-19 Nepal<\/a><\/h3>\n\t \n\t<div class=\"entry-thumbnail\">\n\t\t<img width=\"1080\" height=\"605\" src=\"https:\/\/www.fundacionedurnepasaban.com\/wp-content\/uploads\/2016\/05\/banner_nepal-web-1080x605.jpg\" class=\"attachment-cookie-standard-thumbnail size-cookie-standard-thumbnail wp-post-image\" alt=\"Ayudas para el Nepal COVID-19\" srcset=\"https:\/\/www.fundacionedurnepasaban.com\/wp-content\/uploads\/2016\/05\/banner_nepal-web-1080x605.jpg 1080w, https:\/\/www.fundacionedurnepasaban.com\/wp-content\/uploads\/2016\/05\/banner_nepal-web-300x168.jpg 300w, https:\/\/www.fundacionedurnepasaban.com\/wp-content\/uploads\/2016\/05\/banner_nepal-web-768x430.jpg 768w, https:\/\/www.fundacionedurnepasaban.com\/wp-content\/uploads\/2016\/05\/banner_nepal-web-1024x573.jpg 1024w, https:\/\/www.fundacionedurnepasaban.com\/wp-content\/uploads\/2016\/05\/banner_nepal-web-640x358.jpg 640w, https:\/\/www.fundacionedurnepasaban.com\/wp-content\/uploads\/2016\/05\/banner_nepal-web.jpg 1200w\" sizes=\"(max-width: 1080px) 100vw, 1080px\" \/>\t<\/div>\n\t\n\t<div class=\"entry-content\">\n\t\t<p>Si bien hace un a\u00f1o eran las im\u00e1genes de colapso en la cima del Everest las que nos hac\u00edan alarmarnos, ahora son las im\u00e1genes de un vac\u00edo desconocido hasta la fecha.<\/p>\n<p>El COVID-19 no distingue entre zonas geogr\u00e1ficas, ni entre clases sociales y asoma por igual en comunidades con mayores y menores ayudas.<\/p>\n<p>Las im\u00e1genes que nos llegan estos d\u00edas son tan bellas como preocupantes.<\/p>\n<p>En un pa\u00eds en el que miles de familias sobreviven gracias al turismo, la incertidumbre llama a su puerta y no tienen qu\u00e9 comer estos d\u00edas. Por ese motivo, en colaboraci\u00f3n con la <a href=\"https:\/\/www.nepaldala.org\/\" target=\"_blank\">ONG\u00a0NEPALDALA<\/a> hemos iniciado una campa\u00f1a para llevar comida a estas familias.<\/p>\n<p>Con 100\u20ac una familia al completo podr\u00e1 hacer frente a los meses de verano. Nuestro objetivo es ayudar a las 120 familias que est\u00e1n es situaci\u00f3n de mayor necesidad.<br \/>\nPor ello, la recaudaci\u00f3n \u00edntegra hasta el 7 de junio ser\u00e1 para ellos.<\/p>\n<p>Muchas gracias.<\/p>\n<p><strong>IBAN\u00a0 ES12 0182 0300 15 0201552754<\/strong><\/p>\n\t\t\t<\/div><!-- .entry-content -->\n\t<footer class=\"entry-footer\">\n\t\t        \t        <div class=\" post-sharing-buttons text-center\">\n\t\t        <ul class=\"list-inline\">\n\t\t            \t\t                <li><a href=\"http:\/\/www.facebook.com\/sharer.php?u=https:\/\/www.fundacionedurnepasaban.com\/en\/2020\/05\/22\/ayuda-covid-19-nepal\/\/&amp;t=Help%20Covid-19%20Nepal\"><i class=\"fa fa-facebook\"><\/i><\/a><\/li>\n\t\t            \t\t            \t\t                <li><a href=\"https:\/\/twitter.com\/intent\/tweet?text=Help%20Covid-19%20Nepal-https:\/\/www.fundacionedurnepasaban.com\/en\/2020\/05\/22\/ayuda-covid-19-nepal\/\"><i class=\"fa fa-twitter\"><\/i><\/a><\/li>\n\t\t            \t\t        \t             \n\t\t                <li><a href=\"https:\/\/plus.google.com\/share?url=https:\/\/www.fundacionedurnepasaban.com\/en\/2020\/05\/22\/ayuda-covid-19-nepal\/\"><i class=\"fa fa-google-plus\"><\/i><\/a><\/li>\n\t\t            \t\t                         \n\t\t                <li><a href=\"http:\/\/www.linkedin.com\/shareArticle?mini=true&url=https:\/\/www.fundacionedurnepasaban.com\/en\/2020\/05\/22\/ayuda-covid-19-nepal\/&title=Help%20Covid-19%20Nepal\"><i class=\"fa fa-linkedin\"><\/i><\/a><\/li>\n\t\t            \t\t        <\/ul>\n\t\t    <\/div>\n\t        <\/footer><!-- .entry-footer -->\n<\/article><!-- #post-## -->\n\n\n\t\t\t\t\t\t\t\t\t\n\t\t\t\t\t\t\t\t\t\t\n<article id=\"post-4285\" class=\"grid-item post-4285 post type-post status-publish format-standard hentry category-nature\">\n\t\n\t\n\t\t\t<div class=\"entry-meta\">\n\t\t\t<span class=\"cat-links\"><a href=\"https:\/\/www.fundacionedurnepasaban.com\/en\/category\/nature\/\" rel=\"category tag\">Nature<\/a><\/span>\t\t\t<span class=\"posted-on\"><a href=\"https:\/\/www.fundacionedurnepasaban.com\/en\/2018\/01\/22\/nosotros-tambien-reciclamos\/\" rel=\"bookmark\"><time class=\"entry-date published updated\" datetime=\"2018-01-22T11:54:16+00:00\">Monday January 22nd, 2018<\/time><\/a><\/span>\t\t<\/div><!-- .entry-meta -->\n\t\n\t<h4 class=\"entry-title\"><a href=\"https:\/\/www.fundacionedurnepasaban.com\/en\/2018\/01\/22\/nosotros-tambien-reciclamos\/\" rel=\"bookmark\">(Espa\u00f1ol) NOSOTROS TAMBI\u00c9N RECICLAMOS!<\/a><\/h4>\n\t<div class=\"entry-content\">\n\t\tSorry, this entry is only available in European Spanish.\t\t\t<\/div><!-- .entry-content -->\n<\/article><!-- #post-## -->\n\n\n\t\t\t\t\t\t\t\t\t\n\t\t\t\t\t\t\t\t\t\t\n<article id=\"post-4280\" class=\"grid-item post-4280 post type-post status-publish format-standard hentry category-sin-categoria\">\n\t\n\t \n\t<div class=\"entry-thumbnail\">\n\t\t<img width=\"640\" height=\"362\" src=\"https:\/\/www.fundacionedurnepasaban.com\/wp-content\/uploads\/2017\/07\/Sonrisas3-640x362.jpg\" class=\"attachment-cookie-grid-thumbnail size-cookie-grid-thumbnail wp-post-image\" alt=\"\" srcset=\"https:\/\/www.fundacionedurnepasaban.com\/wp-content\/uploads\/2017\/07\/Sonrisas3-640x362.jpg 640w, https:\/\/www.fundacionedurnepasaban.com\/wp-content\/uploads\/2017\/07\/Sonrisas3-300x170.jpg 300w, https:\/\/www.fundacionedurnepasaban.com\/wp-content\/uploads\/2017\/07\/Sonrisas3-768x434.jpg 768w, https:\/\/www.fundacionedurnepasaban.com\/wp-content\/uploads\/2017\/07\/Sonrisas3-1024x579.jpg 1024w, https:\/\/www.fundacionedurnepasaban.com\/wp-content\/uploads\/2017\/07\/Sonrisas3-1080x611.jpg 1080w, https:\/\/www.fundacionedurnepasaban.com\/wp-content\/uploads\/2017\/07\/Sonrisas3.jpg 1179w\" sizes=\"(max-width: 640px) 100vw, 640px\" \/>\t<\/div>\n\t\n\t\t\t<div class=\"entry-meta\">\n\t\t\t<span class=\"cat-links\"><a href=\"https:\/\/www.fundacionedurnepasaban.com\/en\/category\/sin-categoria\/\" rel=\"category tag\">Sin categor\u00eda<\/a><\/span>\t\t\t<span class=\"posted-on\"><a href=\"https:\/\/www.fundacionedurnepasaban.com\/en\/2017\/07\/28\/creando-sonrisas-en-el-himalaya-en-equipo\/\" rel=\"bookmark\"><time class=\"entry-date published updated\" datetime=\"2017-07-28T10:51:05+00:00\">Friday July 28th, 2017<\/time><\/a><\/span>\t\t<\/div><!-- .entry-meta -->\n\t\n\t<h4 class=\"entry-title\"><a href=\"https:\/\/www.fundacionedurnepasaban.com\/en\/2017\/07\/28\/creando-sonrisas-en-el-himalaya-en-equipo\/\" rel=\"bookmark\">(Espa\u00f1ol) CREANDO SONRISAS EN EL HIMALAYA EN EQUIPO<\/a><\/h4>\n\t<div class=\"entry-content\">\n\t\tSorry, this entry is only available in European Spanish.\t\t\t<\/div><!-- .entry-content -->\n<\/article><!-- #post-## -->\n\n\n\t\t\t\t\t\t\t\t\t\n\t\t\t\t\t\t\t\t\t\t\n<article id=\"post-4266\" class=\"grid-item post-4266 post type-post status-publish format-standard hentry category-sin-categoria\">\n\t\n\t \n\t<div class=\"entry-thumbnail\">\n\t\t<img width=\"640\" height=\"873\" src=\"https:\/\/www.fundacionedurnepasaban.com\/wp-content\/uploads\/2017\/03\/DHOLAVILLAGE178-640x873.jpg\" class=\"attachment-cookie-grid-thumbnail size-cookie-grid-thumbnail wp-post-image\" alt=\"\" srcset=\"https:\/\/www.fundacionedurnepasaban.com\/wp-content\/uploads\/2017\/03\/DHOLAVILLAGE178-640x873.jpg 640w, https:\/\/www.fundacionedurnepasaban.com\/wp-content\/uploads\/2017\/03\/DHOLAVILLAGE178-220x300.jpg 220w, https:\/\/www.fundacionedurnepasaban.com\/wp-content\/uploads\/2017\/03\/DHOLAVILLAGE178.jpg 704w\" sizes=\"(max-width: 640px) 100vw, 640px\" \/>\t<\/div>\n\t\n\t\t\t<div class=\"entry-meta\">\n\t\t\t<span class=\"cat-links\"><a href=\"https:\/\/www.fundacionedurnepasaban.com\/en\/category\/sin-categoria\/\" rel=\"category tag\">Sin categor\u00eda<\/a><\/span>\t\t\t<span class=\"posted-on\"><a href=\"https:\/\/www.fundacionedurnepasaban.com\/en\/2017\/03\/30\/dholavillage17\/\" rel=\"bookmark\"><time class=\"entry-date published updated\" datetime=\"2017-03-30T11:33:24+00:00\">Thursday March 30th, 2017<\/time><\/a><\/span>\t\t<\/div><!-- .entry-meta -->\n\t\n\t<h4 class=\"entry-title\"><a href=\"https:\/\/www.fundacionedurnepasaban.com\/en\/2017\/03\/30\/dholavillage17\/\" rel=\"bookmark\">(Espa\u00f1ol) #DHOLAVILLAGE17<\/a><\/h4>\n\t<div class=\"entry-content\">\n\t\tSorry, this entry is only available in European Spanish.\t\t\t<\/div><!-- .entry-content -->\n<\/article><!-- #post-## -->\n\n\n\t\t\t\t\t\t\t\t\t\n\t\t\t\t\t\t\t\t\t\t\n<article id=\"post-4258\" class=\"grid-item post-4258 post type-post status-publish format-standard hentry category-sin-categoria\">\n\t\n\t \n\t<div class=\"entry-thumbnail\">\n\t\t<img width=\"640\" height=\"360\" src=\"https:\/\/www.fundacionedurnepasaban.com\/wp-content\/uploads\/2016\/10\/cece-640x360.jpg\" class=\"attachment-cookie-grid-thumbnail size-cookie-grid-thumbnail wp-post-image\" alt=\"\" srcset=\"https:\/\/www.fundacionedurnepasaban.com\/wp-content\/uploads\/2016\/10\/cece-640x360.jpg 640w, https:\/\/www.fundacionedurnepasaban.com\/wp-content\/uploads\/2016\/10\/cece-300x169.jpg 300w, https:\/\/www.fundacionedurnepasaban.com\/wp-content\/uploads\/2016\/10\/cece-768x432.jpg 768w, https:\/\/www.fundacionedurnepasaban.com\/wp-content\/uploads\/2016\/10\/cece-1024x576.jpg 1024w, https:\/\/www.fundacionedurnepasaban.com\/wp-content\/uploads\/2016\/10\/cece-1080x608.jpg 1080w, https:\/\/www.fundacionedurnepasaban.com\/wp-content\/uploads\/2016\/10\/cece.jpg 1328w\" sizes=\"(max-width: 640px) 100vw, 640px\" \/>\t<\/div>\n\t\n\t\t\t<div class=\"entry-meta\">\n\t\t\t<span class=\"cat-links\"><a href=\"https:\/\/www.fundacionedurnepasaban.com\/en\/category\/sin-categoria\/\" rel=\"category tag\">Sin categor\u00eda<\/a><\/span>\t\t\t<span class=\"posted-on\"><a href=\"https:\/\/www.fundacionedurnepasaban.com\/en\/2016\/10\/25\/queremos-compartir-con-todos-vosotros-el-galardon-que-hemos-recibido\/\" rel=\"bookmark\"><time class=\"entry-date published updated\" datetime=\"2016-10-25T09:00:46+00:00\">Tuesday October 25th, 2016<\/time><\/a><\/span>\t\t<\/div><!-- .entry-meta -->\n\t\n\t<h4 class=\"entry-title\"><a href=\"https:\/\/www.fundacionedurnepasaban.com\/en\/2016\/10\/25\/queremos-compartir-con-todos-vosotros-el-galardon-que-hemos-recibido\/\" rel=\"bookmark\">(Espa\u00f1ol) Queremos compartir con todos vosotros el Galard\u00f3n que hemos recibido.<\/a><\/h4>\n\t<div class=\"entry-content\">\n\t\tSorry, this entry is only available in European Spanish.\t\t\t<\/div><!-- .entry-content -->\n<\/article><!-- #post-## -->\n\n\n\t\t\t\t\t\t\t\t\t\n\t\t\t\t\t\t\t\t\t\t\n<article id=\"post-4245\" class=\"grid-item post-4245 post type-post status-publish format-standard hentry category-sin-categoria\">\n\t\n\t \n\t<div class=\"entry-thumbnail\">\n\t\t<img width=\"640\" height=\"360\" src=\"https:\/\/www.fundacionedurnepasaban.com\/wp-content\/uploads\/2016\/09\/Dhola-26092016-640x360.jpg\" class=\"attachment-cookie-grid-thumbnail size-cookie-grid-thumbnail wp-post-image\" alt=\"\" srcset=\"https:\/\/www.fundacionedurnepasaban.com\/wp-content\/uploads\/2016\/09\/Dhola-26092016-640x360.jpg 640w, https:\/\/www.fundacionedurnepasaban.com\/wp-content\/uploads\/2016\/09\/Dhola-26092016-300x169.jpg 300w, https:\/\/www.fundacionedurnepasaban.com\/wp-content\/uploads\/2016\/09\/Dhola-26092016-768x432.jpg 768w, https:\/\/www.fundacionedurnepasaban.com\/wp-content\/uploads\/2016\/09\/Dhola-26092016-1024x576.jpg 1024w, https:\/\/www.fundacionedurnepasaban.com\/wp-content\/uploads\/2016\/09\/Dhola-26092016-1080x608.jpg 1080w, https:\/\/www.fundacionedurnepasaban.com\/wp-content\/uploads\/2016\/09\/Dhola-26092016.jpg 1280w\" sizes=\"(max-width: 640px) 100vw, 640px\" \/>\t<\/div>\n\t\n\t\t\t<div class=\"entry-meta\">\n\t\t\t<span class=\"cat-links\"><a href=\"https:\/\/www.fundacionedurnepasaban.com\/en\/category\/sin-categoria\/\" rel=\"category tag\">Sin categor\u00eda<\/a><\/span>\t\t\t<span class=\"posted-on\"><a href=\"https:\/\/www.fundacionedurnepasaban.com\/en\/2016\/09\/29\/ladrillo-a-ladrillo\/\" rel=\"bookmark\"><time class=\"entry-date published\" datetime=\"2016-09-29T11:51:01+00:00\">Thursday September 29th, 2016<\/time><time class=\"updated\" datetime=\"2016-10-03T12:48:51+00:00\">Monday October  3rd, 2016<\/time><\/a><\/span>\t\t<\/div><!-- .entry-meta -->\n\t\n\t<h4 class=\"entry-title\"><a href=\"https:\/\/www.fundacionedurnepasaban.com\/en\/2016\/09\/29\/ladrillo-a-ladrillo\/\" rel=\"bookmark\">(Espa\u00f1ol) Ladrillo a ladrillo<\/a><\/h4>\n\t<div class=\"entry-content\">\n\t\tSorry, this entry is only available in European Spanish.\t\t\t<\/div><!-- .entry-content -->\n<\/article><!-- #post-## -->\n\n\n\t\t\t\t\t\t\t\t\t\n\t\t\t\t\t\t\t\t\t\t\n<article id=\"post-4095\" class=\"grid-item post-4095 post type-post status-publish format-standard hentry category-sin-categoria\">\n\t\n\t \n\t<div class=\"entry-thumbnail\">\n\t\t<img width=\"640\" height=\"427\" src=\"https:\/\/www.fundacionedurnepasaban.com\/wp-content\/uploads\/2016\/08\/blog-bienvenido-640x427.jpg\" class=\"attachment-cookie-grid-thumbnail size-cookie-grid-thumbnail wp-post-image\" alt=\"\" srcset=\"https:\/\/www.fundacionedurnepasaban.com\/wp-content\/uploads\/2016\/08\/blog-bienvenido-640x427.jpg 640w, https:\/\/www.fundacionedurnepasaban.com\/wp-content\/uploads\/2016\/08\/blog-bienvenido-300x200.jpg 300w, https:\/\/www.fundacionedurnepasaban.com\/wp-content\/uploads\/2016\/08\/blog-bienvenido-768x512.jpg 768w, https:\/\/www.fundacionedurnepasaban.com\/wp-content\/uploads\/2016\/08\/blog-bienvenido.jpg 1000w\" sizes=\"(max-width: 640px) 100vw, 640px\" \/>\t<\/div>\n\t\n\t\t\t<div class=\"entry-meta\">\n\t\t\t<span class=\"cat-links\"><a href=\"https:\/\/www.fundacionedurnepasaban.com\/en\/category\/sin-categoria\/\" rel=\"category tag\">Sin categor\u00eda<\/a><\/span>\t\t\t<span class=\"posted-on\"><a href=\"https:\/\/www.fundacionedurnepasaban.com\/en\/2016\/08\/25\/bienvenidos-al-blog-de-mhf-by-edurne-pasaban\/\" rel=\"bookmark\"><time class=\"entry-date published\" datetime=\"2016-08-25T09:30:16+00:00\">Thursday August 25th, 2016<\/time><time class=\"updated\" datetime=\"2016-09-06T09:16:13+00:00\">Tuesday September  6th, 2016<\/time><\/a><\/span>\t\t<\/div><!-- .entry-meta -->\n\t\n\t<h4 class=\"entry-title\"><a href=\"https:\/\/www.fundacionedurnepasaban.com\/en\/2016\/08\/25\/bienvenidos-al-blog-de-mhf-by-edurne-pasaban\/\" rel=\"bookmark\">Bienvenidos al blog de MHF by Edurne Pasaban<\/a><\/h4>\n\t<div class=\"entry-content\">\n\t\tCon este blog empezamos una nueva etapa en la Fundaci\u00f3n Monta\u00f1eros para el Himalaya by Edurne Pasaban. Nuestro principal objetivo es poder <p><a class=\"more-link\" href=\"https:\/\/www.fundacionedurnepasaban.com\/en\/2016\/08\/25\/bienvenidos-al-blog-de-mhf-by-edurne-pasaban\/\">Continue reading<\/a><\/p>\t\t\t<\/div><!-- .entry-content -->\n<\/article><!-- #post-## -->\n\n\n\t\t\t\t\t\t\t\t\t\t\t\t\t\t\t\t\t\t<!-- Loop Ends -->\n\t\t\t\t\t\t\t\t\n\t\t\t\t\t\t\t\t<\/div><!-- #main -->\n\t\t\t\t\t\t\t\t<!-- Post Navigation -->\n\t\t\t\t\t\t\t\t\t\t\t\t\t\t\t<\/div><!-- #primary -->\n\t\t\t\t\t\t<\/div>\n\t\t\t\t\t\t\t\t\t\t\t\t\t<div class=\"col-sm-12 col-md-4 blog-post-sidebar\">\n\t\t\t\t\t\t\t\t\n<div id=\"secondary\" class=\"widget-area sidebar\" role=\"complementary\">\n\t<aside id=\"search-2\" class=\"widget widget_search\"><form role=\"search\" method=\"get\" id=\"searchform\" class=\"search-form\" action=\"https:\/\/www.fundacionedurnepasaban.com\/en\/\" >\n\t\t\t<label> <span class=\"screen-reader-text\">Search for:<\/span>\n\t\t\t<input type=\"search\"  title=\"Search for:\" value=\"\" placeholder=\"Search\" name=\"s\" id=\"s\" class=\"search-field\" \/><\/label>\n\t\t\t<input type=\"submit\" id=\"searchsubmit\" class=\"search-submit\" value=\"\" \/>\n\t\t<\/form><\/aside>\n\t\t<aside id=\"recent-posts-2\" class=\"widget widget_recent_entries\">\n\t\t<h4 class=\"widget-title\">Recent Posts<\/h4>\n\t\t<ul>\n\t\t\t\t\t\t\t\t\t\t\t<li>\n\t\t\t\t\t<a href=\"https:\/\/www.fundacionedurnepasaban.com\/en\/2020\/05\/22\/ayuda-covid-19-nepal\/\">Help Covid-19 Nepal<\/a>\n\t\t\t\t\t\t\t\t\t<\/li>\n\t\t\t\t\t\t\t\t\t\t\t<li>\n\t\t\t\t\t<a href=\"https:\/\/www.fundacionedurnepasaban.com\/en\/2018\/01\/22\/nosotros-tambien-reciclamos\/\">(Espa\u00f1ol) NOSOTROS TAMBI\u00c9N RECICLAMOS!<\/a>\n\t\t\t\t\t\t\t\t\t<\/li>\n\t\t\t\t\t\t\t\t\t\t\t<li>\n\t\t\t\t\t<a href=\"https:\/\/www.fundacionedurnepasaban.com\/en\/2017\/07\/28\/creando-sonrisas-en-el-himalaya-en-equipo\/\">(Espa\u00f1ol) CREANDO SONRISAS EN EL HIMALAYA EN EQUIPO<\/a>\n\t\t\t\t\t\t\t\t\t<\/li>\n\t\t\t\t\t\t\t\t\t\t\t<li>\n\t\t\t\t\t<a href=\"https:\/\/www.fundacionedurnepasaban.com\/en\/2017\/03\/30\/dholavillage17\/\">(Espa\u00f1ol) #DHOLAVILLAGE17<\/a>\n\t\t\t\t\t\t\t\t\t<\/li>\n\t\t\t\t\t\t\t\t\t\t\t<li>\n\t\t\t\t\t<a href=\"https:\/\/www.fundacionedurnepasaban.com\/en\/2016\/10\/25\/queremos-compartir-con-todos-vosotros-el-galardon-que-hemos-recibido\/\">(Espa\u00f1ol) Queremos compartir con todos vosotros el Galard\u00f3n que hemos recibido.<\/a>\n\t\t\t\t\t\t\t\t\t<\/li>\n\t\t\t\t\t<\/ul>\n\n\t\t<\/aside><aside id=\"archives-2\" class=\"widget widget_archive\"><h4 class=\"widget-title\">Archives<\/h4>\n\t\t\t<ul>\n\t\t\t\t\t<li><a href='https:\/\/www.fundacionedurnepasaban.com\/en\/2020\/05\/'>May 2020<\/a><\/li>\n\t<li><a href='https:\/\/www.fundacionedurnepasaban.com\/en\/2018\/01\/'>January 2018<\/a><\/li>\n\t<li><a href='https:\/\/www.fundacionedurnepasaban.com\/en\/2017\/07\/'>July 2017<\/a><\/li>\n\t<li><a href='https:\/\/www.fundacionedurnepasaban.com\/en\/2017\/03\/'>March 2017<\/a><\/li>\n\t<li><a href='https:\/\/www.fundacionedurnepasaban.com\/en\/2016\/10\/'>October 2016<\/a><\/li>\n\t<li><a href='https:\/\/www.fundacionedurnepasaban.com\/en\/2016\/09\/'>September 2016<\/a><\/li>\n\t<li><a href='https:\/\/www.fundacionedurnepasaban.com\/en\/2016\/08\/'>August 2016<\/a><\/li>\n\t\t\t<\/ul>\n\n\t\t\t<\/aside><\/div><!-- #secondary -->\n\t\t\t\t\t\t\t<\/div>\n\t\t\t\t\t\t\t\t\t\t\t<\/div>\n\t\t\t\t<\/div>\n\t\t\t<\/div>      \n\t\t[\/vc_column][\/vc_row]<\/p>\n","protected":false},"excerpt":{"rendered":"<p>[vc_row][vc_column][\/vc_column][\/vc_row]<\/p>\n","protected":false},"author":2,"featured_media":0,"parent":0,"menu_order":0,"comment_status":"closed","ping_status":"closed","template":"","meta":[],"_links":{"self":[{"href":"https:\/\/www.fundacionedurnepasaban.com\/en\/wp-json\/wp\/v2\/pages\/2008"}],"collection":[{"href":"https:\/\/www.fundacionedurnepasaban.com\/en\/wp-json\/wp\/v2\/pages"}],"about":[{"href":"https:\/\/www.fundacionedurnepasaban.com\/en\/wp-json\/wp\/v2\/types\/page"}],"author":[{"embeddable":true,"href":"https:\/\/www.fundacionedurnepasaban.com\/en\/wp-json\/wp\/v2\/users\/2"}],"replies":[{"embeddable":true,"href":"https:\/\/www.fundacionedurnepasaban.com\/en\/wp-json\/wp\/v2\/comments?post=2008"}],"version-history":[{"count":0,"href":"https:\/\/www.fundacionedurnepasaban.com\/en\/wp-json\/wp\/v2\/pages\/2008\/revisions"}],"wp:attachment":[{"href":"https:\/\/www.fundacionedurnepasaban.com\/en\/wp-json\/wp\/v2\/media?parent=2008"}],"curies":[{"name":"wp","href":"https:\/\/api.w.org\/{rel}","templated":true}]}}