{"id":4295,"date":"2019-10-03T11:13:17","date_gmt":"2019-10-03T11:13:17","guid":{"rendered":"http:\/\/www.mhfedurnepasaban.com\/?page_id=4295"},"modified":"2019-10-04T14:55:29","modified_gmt":"2019-10-04T14:55:29","slug":"montanas-de-ilusion-saipal","status":"publish","type":"page","link":"https:\/\/www.fundacionedurnepasaban.com\/en\/montanas-de-ilusion-saipal\/","title":{"rendered":"Mountains of illusion &#8211; Saipal"},"content":{"rendered":"<p>[vc_row margin_bottom=&#8221;75px&#8221;][vc_column]\n\t\t\t<!-- START Saipal REVOLUTION SLIDER 6.2.22 --><p class=\"rs-p-wp-fix\"><\/p>\n\t\t\t<rs-module-wrap id=\"rev_slider_16_2_wrapper\" data-source=\"gallery\" style=\"background:transparent;padding:0;margin:0px auto;margin-top:0;margin-bottom:0;max-width:;\">\n\t\t\t\t<rs-module id=\"rev_slider_16_2\" style=\"\" data-version=\"6.2.22\">\n\t\t\t\t\t<rs-slides>\n\t\t\t\t\t\t<rs-slide data-key=\"rs-122\" data-title=\"Slide con texto 2\" data-thumb=\"\/\/www.fundacionedurnepasaban.com\/wp-content\/uploads\/2019\/10\/EDURNE-Y-LAS-CUATRO-CHICAS-08-Grande-100x50.jpg\" data-anim=\"ei:d;eo:d;s:600;r:0;t:fade;sl:d;\">\n\t\t\t\t\t\t\t<img src=\"\/\/www.fundacionedurnepasaban.com\/wp-content\/uploads\/2019\/10\/EDURNE-Y-LAS-CUATRO-CHICAS-08-Grande.jpg\" title=\"Mountains of illusion &#8211; Saipal\" class=\"rev-slidebg\" data-no-retina>\n<!---->\t\t\t\t\t\t<\/rs-slide>\n\t\t\t\t\t\t<rs-slide data-key=\"rs-123\" data-title=\"Slide con texto 2\" data-thumb=\"\/\/www.fundacionedurnepasaban.com\/wp-content\/uploads\/2019\/10\/CARAS-DEL-OESTE-NEPALI-07-Grande-100x50.jpg\" data-anim=\"ei:d;eo:d;s:600;r:0;t:fade;sl:d;\">\n\t\t\t\t\t\t\t<img src=\"\/\/www.fundacionedurnepasaban.com\/wp-content\/uploads\/2019\/10\/CARAS-DEL-OESTE-NEPALI-07-Grande.jpg\" title=\"Mountains of illusion &#8211; Saipal\" class=\"rev-slidebg\" data-no-retina>\n<!---->\t\t\t\t\t\t<\/rs-slide>\n\t\t\t\t\t\t<rs-slide data-key=\"rs-124\" data-title=\"Slide con texto 2\" data-thumb=\"\/\/www.fundacionedurnepasaban.com\/wp-content\/uploads\/2019\/10\/JORGE-EGOCHEAGA-MEDICAL-CAMP-02-Grande-100x50.jpg\" data-anim=\"ei:d;eo:d;s:600;r:0;t:fade;sl:d;\">\n\t\t\t\t\t\t\t<img src=\"\/\/www.fundacionedurnepasaban.com\/wp-content\/uploads\/2019\/10\/JORGE-EGOCHEAGA-MEDICAL-CAMP-02-Grande.jpg\" title=\"Mountains of illusion &#8211; Saipal\" class=\"rev-slidebg\" data-no-retina>\n<!---->\t\t\t\t\t\t<\/rs-slide>\n\t\t\t\t\t\t<rs-slide data-key=\"rs-125\" data-title=\"Slide con texto 2\" data-thumb=\"\/\/www.fundacionedurnepasaban.com\/wp-content\/uploads\/2019\/10\/CARAS-DEL-OESTE-NEPALI-11-Grande-100x50.jpg\" data-anim=\"ei:d;eo:d;s:600;r:0;t:fade;sl:d;\">\n\t\t\t\t\t\t\t<img src=\"\/\/www.fundacionedurnepasaban.com\/wp-content\/uploads\/2019\/10\/CARAS-DEL-OESTE-NEPALI-11-Grande.jpg\" title=\"Mountains of illusion &#8211; Saipal\" class=\"rev-slidebg\" data-no-retina>\n<!---->\t\t\t\t\t\t<\/rs-slide>\n\t\t\t\t\t<\/rs-slides>\n\t\t\t\t<\/rs-module>\n\t\t\t\t<script>\n\t\t\t\t\tvar htmlDivCss = unescape(\"%0A%0A%0A%0A\");\n\t\t\t\t\tvar htmlDiv = document.getElementById('rs-plugin-settings-inline-css');\n\t\t\t\t\tif(htmlDiv) {\n\t\t\t\t\t\thtmlDiv.innerHTML = htmlDiv.innerHTML + htmlDivCss;\n\t\t\t\t\t}else{\n\t\t\t\t\t\tvar htmlDiv = document.createElement('div');\n\t\t\t\t\t\thtmlDiv.innerHTML = '<style>' + htmlDivCss + '<\/style>';\n\t\t\t\t\t\tdocument.getElementsByTagName('head')[0].appendChild(htmlDiv.childNodes[0]);\n\t\t\t\t\t}\n\t\t\t\t<\/script>\n\t\t\t<\/rs-module-wrap>\n\t\t\t<!-- END REVOLUTION SLIDER -->\n[\/vc_column][\/vc_row][vc_row][vc_column]<div class=\" section-heading text-left ihda\"><h2 class=\"heading\" style=\"font-size:48px\">Mountains of illusion - Saipal<\/h2><div class=\"divide-line text-left\"><span style=\"width:90px; height:1px; background-color:#d98900\"><\/span><\/div><\/div>[\/vc_column][\/vc_row][vc_row][vc_column][vc_column_text]El Monte Saipal se sit\u00faa en una regi\u00f3n remota de Nepal, una zona que quiz\u00e1s por no tener monta\u00f1as de ocho mil metros apenas se conoce. Sin embargo, por ese motivo es uno de esos lugares en el mundo al que no ha llegado la influencia de occidente, ni para bien ni para mal, por lo que yo no he conocido ning\u00fan lugar mas puro y virgen que este.<\/p>\n<p>A finales del 2018 tuve la oportunidad de participar en una expedici\u00f3n que quiz\u00e1s a nivel alpin\u00edstico no despertase el inter\u00e9s que han tenido mis otras expediciones pero ha sido una de las experiencias que a nivel personal m\u00e1s me ha llenado.<\/p>\n<p>Durante un mes pude escalar junto a mis amigos Jorge Egotxeaga, Martin Ramos y 4 chicas de la regi\u00f3n Bajhang.<\/p>\n<p>Al compartir la expedici\u00f3n con 4 chicas de la zona, me di cuenta de lo que les afecta el peso de las tradiciones, en este caso el Chhaupadi; las mujeres durante los d\u00edas que tienen la menstruaci\u00f3n son expulsadas de sus casas, sin poder tener contacto alguno con las familias ni con la comunidad, viviendo en condiciones inhumanas y muchas de ellas llegando a morir.<\/p>\n<p>Conviviendo esos d\u00edas con las mujeres Nepal\u00eds y conociendo a las familias, pude entender mucho mejor la presi\u00f3n social para cumplir con las tradiciones. Llegu\u00e9 a la conclusi\u00f3n que cumplen con una costumbre que ellas mismas quieren que cambie. Las madres de las chicas me comentaban que no quieren m\u00e1s esa tradici\u00f3n para sus hijas y menos para sus nietas.<\/p>\n<p>Al terminar la Expedici\u00f3n y volver a casa, dentro de m\u00ed, algo se hab\u00eda removido. A pesar de llevar mucho tiempo trabajando en la ayuda al pueblo Nepali quer\u00eda hacer algo mas, y sobre todo por las mujeres, ni\u00f1os y ni\u00f1as de la regi\u00f3n.<\/p>\n<p>Me puse manos a la obra, junto a la ONG NEPALDALA, www.nepaldala.org , comenzamos a recaudar fondos para que las chicas que me acompa\u00f1aron en la expedici\u00f3n tuviesen acceso a una mejor educaci\u00f3n. En estos siete meses hemos conseguido que 5 chicas hoy est\u00e9n ya estudiando en Kathmandu.<\/p>\n<p>Creo que las personas que tienen acceso a una buena educaci\u00f3n podr\u00e1n desarrollar sus propias ideas, teniendo una opini\u00f3n m\u00e1s despierta y cr\u00edtica hacia costumbres o tradiciones que ponen en riesgo la vida de las mujeres, como es el Chhaupadi. Esto les permitir\u00e1 cambiar su futuro, el de sus familias y el de su comunidad.<\/p>\n<p>Pero nuestro trabajo todav\u00eda quiere ir mas all\u00e1, y para ello junto a la Asociaci\u00f3n Jos\u00e9 Ram\u00f3n Morandeira \u2013 CUEMUM llevamos a cabo \u201c MONTA\u00d1AS DE ILUSI\u00d3N- EXPEDICI\u00d3N M\u00c9DICA AL SAIPAL 2019\u201d.<\/p>\n<p>Nuestro objetivo es realizar durante los meses de septiembre y octubre 2 campamentos m\u00e9dicos itinerantes en el valle, concretamente en los pueblos de Dhalaun y Kanda. Con estos campamentos llegaremos a miles de personas que no tienen acceso a la asistencia sanitaria. Este es el primer paso para conocer la realidad y necesidades de la zona y establecer las bases para una asistencia peri\u00f3dica y crear un dispensario m\u00e9dico permanente en el centro del valle durante los pr\u00f3ximos a\u00f1os.<\/p>\n<p>Para ello este a\u00f1o contamos con 4 m\u00e9dicos y 3 enfermeras, todos ellos voluntarios que visitar\u00e1n a miles de personas, har\u00e1n un censo en la zona, crear\u00e1n cartillas de salud para todos los ni\u00f1os y sobre todo har\u00e1n un estudio de necesidades para poder seguir trabajando.<\/p>\n<p>Para que este proyecto salga adelante hemos creado una campa\u00f1a de Crowdfunding donde todas las personas que quieran ayudar pongan su granito de arena.<\/p>\n<p>Entre todos podemos ayudar para que tengan un mejor futuro.<\/p>\n<p>Colabora mediante una transferencia a nuestra cuenta de la fundaci\u00f3n:<\/p>\n<p>BBVA ES12 0182 0300 15 0201552754<\/p>\n<p>O entrando en la p\u00e1gina de Crowdfunding:<\/p>\n<p>https:\/\/www.migranodearena.org\/reto\/20296\/montanas-de-ilusion-bajhang-district-2019[\/vc_column_text][\/vc_column][\/vc_row][vc_row][vc_column][vc_column_text]HAZ UN DONATIVO[\/vc_column_text][\/vc_column][\/vc_row]<\/p>","protected":false},"excerpt":{"rendered":"<p>[vc_row margin_bottom=&#8221;75px&#8221;][vc_column][\/vc_column][\/vc_row][vc_row][vc_column][\/vc_column][\/vc_row][vc_row][vc_column][vc_column_text]El Monte Saipal se sit\u00faa en una regi\u00f3n remota de Nepal, una zona que quiz\u00e1s por no tener monta\u00f1as de ocho mil metros apenas se conoce. Sin embargo, por ese motivo es uno de esos lugares en el mundo al que no ha llegado la influencia de occidente, ni para bien ni para mal, [&hellip;]<\/p>\n","protected":false},"author":2,"featured_media":0,"parent":0,"menu_order":0,"comment_status":"closed","ping_status":"closed","template":"","meta":[],"_links":{"self":[{"href":"https:\/\/www.fundacionedurnepasaban.com\/en\/wp-json\/wp\/v2\/pages\/4295"}],"collection":[{"href":"https:\/\/www.fundacionedurnepasaban.com\/en\/wp-json\/wp\/v2\/pages"}],"about":[{"href":"https:\/\/www.fundacionedurnepasaban.com\/en\/wp-json\/wp\/v2\/types\/page"}],"author":[{"embeddable":true,"href":"https:\/\/www.fundacionedurnepasaban.com\/en\/wp-json\/wp\/v2\/users\/2"}],"replies":[{"embeddable":true,"href":"https:\/\/www.fundacionedurnepasaban.com\/en\/wp-json\/wp\/v2\/comments?post=4295"}],"version-history":[{"count":5,"href":"https:\/\/www.fundacionedurnepasaban.com\/en\/wp-json\/wp\/v2\/pages\/4295\/revisions"}],"predecessor-version":[{"id":4305,"href":"https:\/\/www.fundacionedurnepasaban.com\/en\/wp-json\/wp\/v2\/pages\/4295\/revisions\/4305"}],"wp:attachment":[{"href":"https:\/\/www.fundacionedurnepasaban.com\/en\/wp-json\/wp\/v2\/media?parent=4295"}],"curies":[{"name":"wp","href":"https:\/\/api.w.org\/{rel}","templated":true}]}}